{"id":24,"date":"2024-01-14T19:17:36","date_gmt":"2024-01-14T19:17:36","guid":{"rendered":"https:\/\/sp6mi.pl\/?page_id=24"},"modified":"2024-08-08T17:51:05","modified_gmt":"2024-08-08T17:51:05","slug":"o-mnie","status":"publish","type":"page","link":"https:\/\/sp6mi.pl\/index.php\/o-mnie\/","title":{"rendered":"O mnie"},"content":{"rendered":"\n<p>Imi\u0119: Marcin<\/p>\n\n\n\n<p>Znak wywo\u0142awczy: SP6MI<\/p>\n\n\n\n<p>Zaw\u00f3d: In\u017cynier DevOps<br><br>Zainteresowania:<\/p>\n\n\n\n<ul class=\"wp-block-list\">\n<li>kr\u00f3tkofalarstwo, szczeg\u00f3lnie contesting<\/li>\n\n\n\n<li>ksi\u0105\u017cki (fantastyka)<\/li>\n\n\n\n<li>gry fabularne<br><\/li>\n<\/ul>\n\n\n\n<p>Radiostacja:<\/p>\n\n\n\n<ul class=\"wp-block-list\">\n<li>Icom IC-7410<\/li>\n\n\n\n<li>Zasilacz Diamond GVS-3000<\/li>\n\n\n\n<li>Antena:\n<ul class=\"wp-block-list\">\n<li>Delta wg SP7LA<\/li>\n\n\n\n<li>Hexbeam od SP6CYN<\/li>\n\n\n\n<li>HWEF 80-10m<\/li>\n\n\n\n<li>Fan-dipole 80-40m<\/li>\n\n\n\n<li>Diamond X200<\/li>\n<\/ul>\n<\/li>\n\n\n\n<li>Rotor Yaesu G-450C<\/li>\n\n\n\n<li>Yaesu FT4X<\/li>\n\n\n\n<li>Anytone AT-778UV<br><\/li>\n<\/ul>\n","protected":false},"excerpt":{"rendered":"<p>Imi\u0119: Marcin Znak wywo\u0142awczy: SP6MI Zaw\u00f3d: In\u017cynier DevOps Zainteresowania: Radiostacja:<\/p>\n","protected":false},"author":1,"featured_media":0,"parent":0,"menu_order":0,"comment_status":"closed","ping_status":"closed","template":"","meta":{"ngg_post_thumbnail":0,"footnotes":""},"class_list":["post-24","page","type-page","status-publish","hentry"],"_links":{"self":[{"href":"https:\/\/sp6mi.pl\/index.php\/wp-json\/wp\/v2\/pages\/24","targetHints":{"allow":["GET"]}}],"collection":[{"href":"https:\/\/sp6mi.pl\/index.php\/wp-json\/wp\/v2\/pages"}],"about":[{"href":"https:\/\/sp6mi.pl\/index.php\/wp-json\/wp\/v2\/types\/page"}],"author":[{"embeddable":true,"href":"https:\/\/sp6mi.pl\/index.php\/wp-json\/wp\/v2\/users\/1"}],"replies":[{"embeddable":true,"href":"https:\/\/sp6mi.pl\/index.php\/wp-json\/wp\/v2\/comments?post=24"}],"version-history":[{"count":4,"href":"https:\/\/sp6mi.pl\/index.php\/wp-json\/wp\/v2\/pages\/24\/revisions"}],"predecessor-version":[{"id":98,"href":"https:\/\/sp6mi.pl\/index.php\/wp-json\/wp\/v2\/pages\/24\/revisions\/98"}],"wp:attachment":[{"href":"https:\/\/sp6mi.pl\/index.php\/wp-json\/wp\/v2\/media?parent=24"}],"curies":[{"name":"wp","href":"https:\/\/api.w.org\/{rel}","templated":true}]}}