{"id":27,"date":"2024-01-14T19:17:50","date_gmt":"2024-01-14T19:17:50","guid":{"rendered":"https:\/\/sp6mi.pl\/?page_id=27"},"modified":"2024-04-19T16:42:45","modified_gmt":"2024-04-19T16:42:45","slug":"kontakt","status":"publish","type":"page","link":"https:\/\/sp6mi.pl\/index.php\/kontakt\/","title":{"rendered":"Kontakt"},"content":{"rendered":"\n<p>Na chwil\u0119 obecn\u0105 nie znajdziecie tutaj adresu mailowego do mnie &#8211; za du\u017co spamu dociera w ostatnich dniach. <\/p>\n\n\n\n<p>Jednak je\u015bli chcecie skontaktowa\u0107 si\u0119 ze mn\u0105 nie b\u0119dzie to trudne&#8230; wystarczy poszuka\u0107 informacji w serwisach kr\u00f3tkofalarskich.<\/p>\n","protected":false},"excerpt":{"rendered":"<p>Na chwil\u0119 obecn\u0105 nie znajdziecie tutaj adresu mailowego do mnie &#8211; za du\u017co spamu dociera w ostatnich dniach. Jednak je\u015bli chcecie skontaktowa\u0107 si\u0119 ze mn\u0105 nie b\u0119dzie to trudne&#8230; wystarczy poszuka\u0107 informacji w serwisach kr\u00f3tkofalarskich.<\/p>\n","protected":false},"author":1,"featured_media":0,"parent":0,"menu_order":0,"comment_status":"closed","ping_status":"closed","template":"","meta":{"ngg_post_thumbnail":0,"footnotes":""},"class_list":["post-27","page","type-page","status-publish","hentry"],"_links":{"self":[{"href":"https:\/\/sp6mi.pl\/index.php\/wp-json\/wp\/v2\/pages\/27","targetHints":{"allow":["GET"]}}],"collection":[{"href":"https:\/\/sp6mi.pl\/index.php\/wp-json\/wp\/v2\/pages"}],"about":[{"href":"https:\/\/sp6mi.pl\/index.php\/wp-json\/wp\/v2\/types\/page"}],"author":[{"embeddable":true,"href":"https:\/\/sp6mi.pl\/index.php\/wp-json\/wp\/v2\/users\/1"}],"replies":[{"embeddable":true,"href":"https:\/\/sp6mi.pl\/index.php\/wp-json\/wp\/v2\/comments?post=27"}],"version-history":[{"count":3,"href":"https:\/\/sp6mi.pl\/index.php\/wp-json\/wp\/v2\/pages\/27\/revisions"}],"predecessor-version":[{"id":73,"href":"https:\/\/sp6mi.pl\/index.php\/wp-json\/wp\/v2\/pages\/27\/revisions\/73"}],"wp:attachment":[{"href":"https:\/\/sp6mi.pl\/index.php\/wp-json\/wp\/v2\/media?parent=27"}],"curies":[{"name":"wp","href":"https:\/\/api.w.org\/{rel}","templated":true}]}}